{"id":560,"date":"2011-06-13T08:39:45","date_gmt":"2011-06-13T06:39:45","guid":{"rendered":"http:\/\/www.mbfarquitectura.com\/content\/?page_id=560"},"modified":"2011-06-14T02:20:01","modified_gmt":"2011-06-14T00:20:01","slug":"departament-dinterior-a-barcelona","status":"publish","type":"page","link":"http:\/\/www.mbfarquitectura.com\/?page_id=560","title":{"rendered":"Departament d&#8217;Interior"},"content":{"rendered":"<table border=\"0\" cellspacing=\"0\" cellpadding=\"4\">\n<tbody>\n<tr>\n<td colspan=\"3\" valign=\"TOP\">\n<h2>Rehabilitaci\u00f3 Nova Seu del Departament d\u2019Interior a Barcelona<\/h2>\n<\/td>\n<\/tr>\n<tr valign=\"TOP\">\n<td><span style=\"font-family: 'Arial Black', sans-serif; font-size: small;\">equipament institucional<\/span><\/td>\n<td><span style=\"font-family: 'Arial Black', sans-serif; font-size: small;\">Abast del treball executat:<\/span><\/td>\n<td><\/td>\n<\/tr>\n<tr valign=\"TOP\">\n<td><span style=\"font-family: Arial, sans-serif; font-size: small;\">Pg\/ Sant Joan, 39-41<\/span><\/td>\n<td><span style=\"font-family: 'Arial Black', sans-serif; font-size: small;\">Fase pr\u00e8via al projecte<\/span><\/td>\n<td><span style=\"font-family: 'Arial Black', sans-serif; font-size: small;\">Fase d&#8217;entrega de l&#8217;obra<\/span><\/td>\n<\/tr>\n<tr valign=\"TOP\">\n<td><span style=\"font-family: Arial, sans-serif; font-size: small;\">Barcelona<\/span><\/td>\n<td><span style=\"font-family: Arial, sans-serif; font-size: small;\">Elaboraci\u00f3 del programa de l&#8217;edifici.<\/span><\/td>\n<td><span style=\"font-family: Arial, sans-serif; font-size: small;\">Recepci\u00f3 de les obres.<\/span><\/td>\n<\/tr>\n<tr valign=\"TOP\">\n<td><\/td>\n<td><span style=\"font-family: Arial, sans-serif; font-size: small;\"><strong>Fase de projecte <\/strong><\/span><\/td>\n<td><span style=\"font-family: Arial, sans-serif; font-size: small;\">Contractaci\u00f3 de serveis i subministraments.<\/span><\/td>\n<\/tr>\n<tr valign=\"TOP\">\n<td><\/td>\n<td><span style=\"font-family: Arial, sans-serif; font-size: small;\">Realitzaci\u00f3 estat d\u2019amidaments.<\/span><\/td>\n<td><span style=\"font-family: Arial, sans-serif; font-size: small;\">Gesti\u00f3 dels repassos.<\/span><\/td>\n<\/tr>\n<tr valign=\"TOP\">\n<td><\/td>\n<td><span style=\"font-family: Arial, sans-serif; font-size: small;\">Seguiment i supervisi\u00f3 del projecte.<\/span><\/td>\n<td><\/td>\n<\/tr>\n<tr valign=\"TOP\">\n<td><span style=\"font-family: 'Arial Black', sans-serif; font-size: small;\">Programa:<\/span><\/td>\n<td><span style=\"font-family: Arial, sans-serif; font-size: small;\">Confecci\u00f3 del pressupost i quadres de preu.<\/span><\/td>\n<td><span style=\"font-family: 'Arial Black', sans-serif; font-size: small;\">2006-2007<\/span><\/td>\n<\/tr>\n<tr valign=\"TOP\">\n<td><span style=\"font-family: Arial, sans-serif; font-size: small;\">Sala de premsa<\/span><\/td>\n<td><span style=\"font-family: Arial, sans-serif; font-size: small;\">Programa de control de qualitat.<\/span><\/td>\n<td><\/td>\n<\/tr>\n<tr valign=\"TOP\">\n<td><span style=\"font-family: Arial, sans-serif; font-size: small;\">Aules<\/span><\/td>\n<td><span style=\"font-family: 'Arial Black', sans-serif; font-size: small;\">Fase d&#8217;obra<\/span><\/td>\n<td><span style=\"font-family: 'Arial Black', sans-serif; font-size: small;\">Promotor<\/span><\/td>\n<\/tr>\n<tr valign=\"TOP\">\n<td><span style=\"font-family: Arial, sans-serif; font-size: small;\">Despatxos<\/span><\/td>\n<td><span style=\"font-family: Arial, sans-serif; font-size: small;\">Direcci\u00f3 de l\u2019execuci\u00f3 de les obres.<\/span><\/td>\n<td><span style=\"font-family: Arial, sans-serif; font-size: small;\">Departament d\u2019Interior<\/span><\/td>\n<\/tr>\n<tr valign=\"TOP\">\n<td><span style=\"font-family: Arial, sans-serif; font-size: small;\">Sales Reunions<\/span><\/td>\n<td><span style=\"font-family: Arial, sans-serif; font-size: small;\">Complimentaci\u00f3 de llic\u00e8ncies.<\/span><\/td>\n<td><span style=\"font-family: Arial, sans-serif; font-size: small;\">Generalitat de Catalunya<\/span><\/td>\n<\/tr>\n<tr valign=\"TOP\">\n<td><span style=\"font-family: Arial, sans-serif; font-size: small;\">Sales d\u2019espera<\/span><\/td>\n<td><span style=\"font-family: Arial, sans-serif; font-size: small;\">Supervisi\u00f3 econ\u00f2mica de l&#8217;obra.<\/span><\/td>\n<td><\/td>\n<\/tr>\n<tr valign=\"TOP\">\n<td><span style=\"font-family: Arial, sans-serif; font-size: small;\">Menjador \/ Office<\/span><\/td>\n<td><span style=\"font-family: Arial, sans-serif; font-size: small;\">Seguiment del pla d&#8217;obres.<\/span><\/td>\n<td><span style=\"font-family: 'Arial Black', sans-serif; font-size: small;\">Arquitectes<\/span><\/td>\n<\/tr>\n<tr valign=\"TOP\">\n<td><span style=\"font-family: Arial, sans-serif; font-size: small;\">Hivernacle<\/span><\/td>\n<td><span style=\"font-family: Arial, sans-serif; font-size: small;\">Gesti\u00f3 de certificacions.<\/span><\/td>\n<td><span style=\"font-family: Arial, sans-serif; font-size: small;\">Josep Benedito i Rovira<\/span><\/td>\n<\/tr>\n<tr valign=\"TOP\">\n<td><\/td>\n<td><span style=\"font-family: Arial, sans-serif; font-size: small;\">Informes de seguiment i control a la propietat.<\/span><\/td>\n<td><span style=\"font-family: Arial, sans-serif; font-size: small;\">Agust\u00ed Mateos i Duch<\/span><\/td>\n<\/tr>\n<tr valign=\"TOP\">\n<td><span style=\"font-family: Arial, sans-serif; font-size: small;\">Superf\u00edcie 3.784,92 m<sup>2<\/sup><\/span><\/td>\n<td><span style=\"font-family: Arial, sans-serif; font-size: small;\">Gesti\u00f3 de les escomeses.<\/span><\/td>\n<td><\/td>\n<\/tr>\n<tr valign=\"TOP\">\n<td><\/td>\n<td><span style=\"font-family: Arial, sans-serif; font-size: small;\">Control de qualitat de l\u2019obra.<\/span><\/td>\n<td><span style=\"font-family: 'Arial Black', sans-serif; font-size: small;\">Constructora<\/span><\/td>\n<\/tr>\n<tr valign=\"TOP\">\n<td><span style=\"font-family: Arial, sans-serif; font-size: small;\">cost 6.428.219,36 \u20ac<\/span><\/td>\n<td><span style=\"font-family: Arial, sans-serif; font-size: small;\">Coordinaci\u00f3 mediambiental.<\/span><\/td>\n<td><span style=\"font-family: Arial, sans-serif; font-size: small;\">Contratas y Obras SA<\/span><\/td>\n<\/tr>\n<\/tbody>\n<\/table>\n","protected":false},"excerpt":{"rendered":"<p>Rehabilitaci\u00f3 Nova Seu del Departament d\u2019Interior a Barcelona equipament institucional Abast del treball executat: Pg\/ Sant Joan, 39-41 Fase pr\u00e8via al projecte Fase d&#8217;entrega de l&#8217;obra Barcelona Elaboraci\u00f3 del programa de l&#8217;edifici. Recepci\u00f3 de les obres. Fase de projecte Contractaci\u00f3 de serveis i subministraments. Realitzaci\u00f3 estat d\u2019amidaments. Gesti\u00f3 dels repassos. [&#8230;]<\/p>\n","protected":false},"author":1,"featured_media":562,"parent":180,"menu_order":0,"comment_status":"closed","ping_status":"closed","template":"page_projects_details.php","meta":[],"_links":{"self":[{"href":"http:\/\/www.mbfarquitectura.com\/index.php?rest_route=\/wp\/v2\/pages\/560"}],"collection":[{"href":"http:\/\/www.mbfarquitectura.com\/index.php?rest_route=\/wp\/v2\/pages"}],"about":[{"href":"http:\/\/www.mbfarquitectura.com\/index.php?rest_route=\/wp\/v2\/types\/page"}],"author":[{"embeddable":true,"href":"http:\/\/www.mbfarquitectura.com\/index.php?rest_route=\/wp\/v2\/users\/1"}],"replies":[{"embeddable":true,"href":"http:\/\/www.mbfarquitectura.com\/index.php?rest_route=%2Fwp%2Fv2%2Fcomments&post=560"}],"version-history":[{"count":0,"href":"http:\/\/www.mbfarquitectura.com\/index.php?rest_route=\/wp\/v2\/pages\/560\/revisions"}],"up":[{"embeddable":true,"href":"http:\/\/www.mbfarquitectura.com\/index.php?rest_route=\/wp\/v2\/pages\/180"}],"wp:featuredmedia":[{"embeddable":true,"href":"http:\/\/www.mbfarquitectura.com\/index.php?rest_route=\/wp\/v2\/media\/562"}],"wp:attachment":[{"href":"http:\/\/www.mbfarquitectura.com\/index.php?rest_route=%2Fwp%2Fv2%2Fmedia&parent=560"}],"curies":[{"name":"wp","href":"https:\/\/api.w.org\/{rel}","templated":true}]}}