{"id":234,"date":"2011-06-09T12:12:10","date_gmt":"2011-06-09T10:12:10","guid":{"rendered":"http:\/\/www.mbfarquitectura.com\/content\/?page_id=234"},"modified":"2011-06-11T01:54:40","modified_gmt":"2011-06-10T23:54:40","slug":"comissaria-de-la-policia","status":"publish","type":"page","link":"http:\/\/www.mbfarquitectura.com\/?page_id=234","title":{"rendered":"Comissaria de la Policia"},"content":{"rendered":"<table border=\"0\" cellspacing=\"0\" cellpadding=\"4\">\n<tr valign=\"TOP\">\n<td colspan=\"3\">\n<h2>Comissaria de la Policia de la Generalitat Mossos d&#8217;Esquadra al Vendrell<\/h2>\n<\/td>\n<\/tr>\n<tr valign=\"TOP\">\n<td><span style=\"font-family: 'Arial Black', sans-serif; font-size: small;\">equipament institucional<\/span><\/td>\n<td><span style=\"font-family: 'Arial Black', sans-serif; font-size: small;\">Abast del treball executat:<\/span><\/td>\n<td><\/td>\n<\/tr>\n<tr valign=\"TOP\">\n<td>\n<span style=\"font-family: Arial, sans-serif;\">c\/ C\u00e9sar Martinell i Brunet, 16-20<\/span>\n<\/td>\n<td><span style=\"font-family: Arial, sans-serif; font-size: small;\"><strong>Fase d&#8217;obra<\/strong><\/span><\/td>\n<td><\/td>\n<\/tr>\n<tr valign=\"TOP\">\n<td>\n<h1><span style=\"font-family: Arial, sans-serif; font-size: small;\">El Vendrell (Tarragona)<\/span><\/h1>\n<\/td>\n<td><span style=\"font-family: Arial, sans-serif; font-size: small;\">Direcci\u00f3 de l&#8217;execuci\u00f3 de les obres.<\/span><\/td>\n<td><\/td>\n<\/tr>\n<tr valign=\"TOP\">\n<td><\/td>\n<td><span style=\"font-family: Arial, sans-serif; font-size: small;\">Complimentaci\u00f3 de llic\u00e8ncies.<\/span><\/td>\n<td><\/td>\n<\/tr>\n<tr valign=\"TOP\">\n<td><span style=\"font-family: 'Arial Black', sans-serif; font-size: small;\">Obra nova<\/span><span style=\"color: #ff0000;\"><span style=\"font-family: 'Arial Black', sans-serif; font-size: small;\"><em><\/em><\/span><\/td>\n<td><span style=\"font-family: Arial, sans-serif; font-size: small;\">Supervisi\u00f3 econ\u00f2mica de l&#8217;obra.<\/span><\/td>\n<td><\/td>\n<\/tr>\n<tr valign=\"TOP\">\n<td><\/td>\n<td><span style=\"font-family: Arial, sans-serif; font-size=small\">Seguiment del pla d&#8217;obres.<\/span><\/td>\n<td><\/td>\n<\/tr>\n<tr valign=\"TOP\">\n<td><span style=\"font-family: 'Arial Black', sans-serif; font-size: small;\">Programa:<\/span><\/td>\n<td><span style=\"font-family: Arial, sans-serif; font-size=small\">Gesti\u00f3 de certificacions.<\/span><\/td>\n<td><\/td>\n<\/tr>\n<tr valign=\"TOP\">\n<td><span style=\"font-family: Arial, sans-serif; font-size=small\">\u00c0rea acc\u00e9s p\u00fablic restringit<\/span><\/td>\n<td><span style=\"font-family: Arial, sans-serif; font-size=small\">Informes de seguiment i control a la propietat.<\/span><\/td>\n<td><span style=\"font-family: 'Arial Black', sans-serif; font-size: small;\">2007-2008<\/span><\/td>\n<\/tr>\n<tr valign=\"TOP\">\n<td>\n<span style=\"font-family: Arial, sans-serif; font-size: small;\">\u00c0rea atenci\u00f3 al p\u00fablic<\/span>\n<\/td>\n<td><span style=\"font-family: Arial, sans-serif; font-size=small\">Gesti\u00f3 de les escomeses.<\/span><\/td>\n<td><\/td>\n<\/tr>\n<tr valign=\"TOP\">\n<td><span style=\"font-family: Arial, sans-serif; font-size=small\">\u00c0rea de persones detingudes<\/span><\/td>\n<td><span style=\"font-family: Arial, sans-serif; font-size=small\">Control de qualitat de l&#8217;obra.<\/span><\/td>\n<td><span style=\"font-family: 'Arial Black', sans-serif; font-size: small;\">Promotor<\/span><\/td>\n<\/tr>\n<tr valign=\"TOP\">\n<td><span style=\"font-family: Arial, sans-serif; font-size=small\">\u00c0rea de serveis dels mossos<\/span><\/td>\n<td><span style=\"font-family: Arial, sans-serif; font-size=small\">Coordinaci\u00f3 mediambiental.<\/span><\/td>\n<td><span style=\"font-family: Arial, sans-serif; font-size=small\">Departament d&#8217;Interior<\/span><\/td>\n<\/tr>\n<tr valign=\"TOP\">\n<td><\/td>\n<td><\/td>\n<td><span style=\"font-family: Arial, sans-serif; font-size=small\">Generalitat de Catalunya<\/span><\/td>\n<\/tr>\n<tr valign=\"TOP\">\n<td><\/td>\n<td><span style=\"font-family: Arial, sans-serif; font-size=small\"><strong>Fase d&#8217;entrega de l&#8217;obra<\/strong><\/span><\/td>\n<td><\/td>\n<\/tr>\n<tr valign=\"TOP\">\n<td><\/td>\n<td><span style=\"font-family: Arial, sans-serif; font-size=small\">Recepci\u00f3 de les obres.<\/span><\/td>\n<td><span style=\"font-family: 'Arial Black', sans-serif; font-size: small;\">Arquitecte<\/span><\/td>\n<\/tr>\n<tr valign=\"TOP\">\n<td><\/td>\n<td><span style=\"font-family: Arial, sans-serif; font-size=small\">Contractaci\u00f3 de serveis i subministraments.<\/span><\/td>\n<td><span style=\"font-family: Arial, sans-serif; font-size=small\">Josep M. Botey i Associats SL<\/span><\/td>\n<\/tr>\n<tr valign=\"TOP\">\n<td><span style=\"font-family: Arial, sans-serif; font-size: small;\">Superf\u00edcie 3.679,10 m<sup>2<\/sup><\/span><\/td>\n<td><span style=\"font-family: Arial, sans-serif; font-size=small\">Gesti\u00f3 dels repassos.<\/span><\/td>\n<td><\/td>\n<td><\/td>\n<\/tr>\n<tr valign=\"TOP\">\n<td><\/td>\n<td><\/td>\n<td><span style=\"font-family: 'Arial Black', sans-serif; font-size: small;\">Constructora<\/span><\/td>\n<\/tr>\n<tr valign=\"TOP\">\n<td><span style=\"font-family: Arial, sans-serif; font-size: small;\">cost 4.988.042,79 \u20ac<\/span><\/td>\n<td><\/td>\n<td><span style=\"font-family: Arial, sans-serif; font-size=small\">Contratas y Obras SA<\/span><\/td>\n<\/tr>\n<\/table>\n","protected":false},"excerpt":{"rendered":"<p>Comissaria de la Policia de la Generalitat Mossos d&#8217;Esquadra al Vendrell equipament institucional Abast del treball executat: c\/ C\u00e9sar Martinell i Brunet, 16-20 Fase d&#8217;obra El Vendrell (Tarragona) Direcci\u00f3 de l&#8217;execuci\u00f3 de les obres. Complimentaci\u00f3 de llic\u00e8ncies. Obra nova Supervisi\u00f3 econ\u00f2mica de l&#8217;obra. Seguiment del pla d&#8217;obres. Programa: Gesti\u00f3 de [&#8230;]<\/p>\n","protected":false},"author":1,"featured_media":320,"parent":180,"menu_order":0,"comment_status":"closed","ping_status":"closed","template":"page_projects_details.php","meta":[],"_links":{"self":[{"href":"http:\/\/www.mbfarquitectura.com\/index.php?rest_route=\/wp\/v2\/pages\/234"}],"collection":[{"href":"http:\/\/www.mbfarquitectura.com\/index.php?rest_route=\/wp\/v2\/pages"}],"about":[{"href":"http:\/\/www.mbfarquitectura.com\/index.php?rest_route=\/wp\/v2\/types\/page"}],"author":[{"embeddable":true,"href":"http:\/\/www.mbfarquitectura.com\/index.php?rest_route=\/wp\/v2\/users\/1"}],"replies":[{"embeddable":true,"href":"http:\/\/www.mbfarquitectura.com\/index.php?rest_route=%2Fwp%2Fv2%2Fcomments&post=234"}],"version-history":[{"count":0,"href":"http:\/\/www.mbfarquitectura.com\/index.php?rest_route=\/wp\/v2\/pages\/234\/revisions"}],"up":[{"embeddable":true,"href":"http:\/\/www.mbfarquitectura.com\/index.php?rest_route=\/wp\/v2\/pages\/180"}],"wp:featuredmedia":[{"embeddable":true,"href":"http:\/\/www.mbfarquitectura.com\/index.php?rest_route=\/wp\/v2\/media\/320"}],"wp:attachment":[{"href":"http:\/\/www.mbfarquitectura.com\/index.php?rest_route=%2Fwp%2Fv2%2Fmedia&parent=234"}],"curies":[{"name":"wp","href":"https:\/\/api.w.org\/{rel}","templated":true}]}}