{"id":222,"date":"2011-06-09T11:58:45","date_gmt":"2011-06-09T09:58:45","guid":{"rendered":"http:\/\/www.mbfarquitectura.com\/content\/?page_id=222"},"modified":"2011-06-14T10:33:04","modified_gmt":"2011-06-14T08:33:04","slug":"parc-de-bombers","status":"publish","type":"page","link":"http:\/\/www.mbfarquitectura.com\/?page_id=222","title":{"rendered":"Parc de bombers"},"content":{"rendered":"<table border=\"0\" cellspacing=\"0\" cellpadding=\"4\">\n<tr valign=\"TOP\">\n<td colspan=\"3\">\n<h2>Parc de Bombers a Valls<\/h2>\n<\/td>\n<\/tr>\n<tr valign=\"TOP\">\n<td><span style=\"font-family: 'Arial Black', sans-serif; font-size: small;\">equipament institucional<\/span><\/td>\n<td><span style=\"font-family: 'Arial Black', sans-serif; font-size: small;\">Abast del treball executat:<\/span><\/td>\n<td><\/td>\n<\/tr>\n<tr valign=\"TOP\">\n<td>\n<span style=\"font-family: Arial, sans-serif; font-size: small;\">c\/ Fusters, 51<\/span>\n<\/td>\n<td><span style=\"font-family: 'Arial Black', sans-serif; font-size: small;\">Fase d&#8217;obra<\/span><\/td>\n<td><\/td>\n<\/tr>\n<tr valign=\"TOP\">\n<td>\n<span style=\"font-family: Arial, sans-serif; font-size: small;\">Pol\u00edgon Industrial Palau de Reig<\/span>\n<\/td>\n<td><span style=\"font-family: Arial, sans-serif; font-size: small;\">Direcci\u00f3 de l&#8217;execuci\u00f3 de les obres.<\/span><\/td>\n<td><\/td>\n<\/tr>\n<tr valign=\"TOP\">\n<td><span style=\"font-family: Arial, sans-serif; font-size: small;\">Valls (Tarragona)<\/span><\/td>\n<td><span style=\"font-family: Arial, sans-serif; font-size: small;\">Complimentaci\u00f3 de llic\u00e8ncies.<\/span><\/td>\n<td><\/td>\n<\/tr>\n<tr valign=\"TOP\">\n<td><span style=\"font-family: 'Arial Black', sans-serif; font-size: small;\"><\/span><\/td>\n<td><span style=\"font-family: Arial, sans-serif; font-size: small;\">Supervisi\u00f3 econ\u00f2mica de l&#8217;obra.<\/span><\/td>\n<td><\/td>\n<\/tr>\n<tr valign=\"TOP\">\n<td><span style=\"font-family: 'Arial Black', sans-serif; font-size: small;\">Obra nova<\/span><\/td>\n<td><span style=\"font-family: Arial, sans-serif; font-size: small;\">Seguiment del pla d&#8217;obres.<\/span><\/td>\n<td><\/td>\n<\/tr>\n<tr valign=\"TOP\">\n<td><\/td>\n<td><span style=\"font-family: Arial, sans-serif; font-size: small;\">Gesti\u00f3 de certificacions.<\/span><\/td>\n<td><\/td>\n<\/tr>\n<tr valign=\"TOP\">\n<td><span style=\"font-family: 'Arial Black', sans-serif; font-size: small;\">Programa:<\/span><\/td>\n<td><span style=\"font-family: Arial, sans-serif; font-size: small;\">Informes de seguiment i control a la propietat.<\/span><\/td>\n<td><span style=\"font-family: 'Arial Black', sans-serif; font-size: small;\">2009-2010 en curs<\/span><\/td>\n<\/tr>\n<tr valign=\"TOP\">\n<td><span style=\"font-family: Arial, sans-serif; font-size: small;\">Depend\u00e8ncies<\/span><\/td>\n<td><span style=\"font-family: Arial, sans-serif; font-size: small;\">Gesti\u00f3 de les escomeses.<\/span><\/td>\n<td><\/td>\n<\/tr>\n<tr valign=\"TOP\">\n<td><span style=\"font-family: Arial, sans-serif; font-size: small;\">Cotxeres<\/span><\/td>\n<td><span style=\"font-family: Arial, sans-serif; font-size: small;\">Control de qualitat de l&#8217;obra.<\/span><\/td>\n<td><span style=\"font-family: 'Arial Black', sans-serif; font-size: small;\">Promotor<\/span><\/td>\n<\/tr>\n<tr valign=\"TOP\">\n<td>\n<span style=\"font-family: Arial, sans-serif; font-size: small;\">Magatzems<\/span>\n<\/td>\n<td><span style=\"font-family: Arial, sans-serif; font-size: small;\">Coordinaci\u00f3 mediambiental.<\/span><\/td>\n<td><span style=\"font-family: Arial, sans-serif; font-size: small;\">Departament d&#8217;Interior<\/span><\/td>\n<\/tr>\n<tr valign=\"TOP\">\n<td><span style=\"font-family: Arial, sans-serif; font-size: small;\">Taller<\/span><\/td>\n<td><\/td>\n<td><span style=\"font-family: Arial, sans-serif; font-size: small;\">Generalitat de Catalunya<\/span><\/td>\n<\/tr>\n<tr valign=\"TOP\">\n<td><span style=\"font-family: Arial, sans-serif; font-size: small;\">Heliport<\/span><\/td>\n<td><span style=\"font-family: 'Arial Black', sans-serif; font-size: small;\">Fase d&#8217;entrega de l&#8217;obra<\/span><\/td>\n<td><\/td>\n<\/tr>\n<tr valign=\"TOP\">\n<td><\/td>\n<td><span style=\"font-family: Arial, sans-serif; font-size: small;\">Recepci\u00f3 de les obres.<\/span><\/td>\n<td><span style=\"font-family: 'Arial Black', sans-serif; font-size: small;\">Arquitecte<\/span><\/td>\n<\/tr>\n<tr valign=\"TOP\">\n<td><span style=\"font-family: 'Arial Black', sans-serif; font-size: small;\">Superf\u00edcie<\/span><\/td>\n<td><span style=\"font-family: Arial, sans-serif; font-size: small;\">Contractaci\u00f3 de serveis i subministraments.<\/span><\/td>\n<td><span style=\"font-family: Arial, sans-serif; font-size: small;\">Pere Santamaria Garc\u00eda<\/span><\/td>\n<\/tr>\n<tr valign=\"TOP\">\n<td><span style=\"font-family: Arial, sans-serif; font-size: small;\">Constru\u00efda 1.337,07 m<\/span><sup><span style=\"font-family: Arial, sans-serif; font-size: small;\">2<\/span><\/sup><\/td>\n<td><span style=\"font-family: Arial, sans-serif; font-size: small;\">Gesti\u00f3 dels repassos.<\/span><\/td>\n<td><\/td>\n<\/tr>\n<tr valign=\"TOP\">\n<td><span style=\"font-family: Arial, sans-serif; font-size: small;\">Urbanitzada 4.996,29 m<sup>2<\/sup><\/td>\n<td><\/td>\n<td><span style=\"font-family: 'Arial Black', sans-serif; font-size: small;\">Constructora<\/span><\/td>\n<\/tr>\n<tr valign=\"TOP\">\n<td><\/td>\n<td><\/td>\n<td><span style=\"font-family: Arial, sans-serif; font-size: small;\">Construccions Joan Anton Martin, SA<\/span><\/td>\n<\/tr>\n<\/table>\n","protected":false},"excerpt":{"rendered":"<p>Parc de Bombers a Valls equipament institucional Abast del treball executat: c\/ Fusters, 51 Fase d&#8217;obra Pol\u00edgon Industrial Palau de Reig Direcci\u00f3 de l&#8217;execuci\u00f3 de les obres. Valls (Tarragona) Complimentaci\u00f3 de llic\u00e8ncies. Supervisi\u00f3 econ\u00f2mica de l&#8217;obra. Obra nova Seguiment del pla d&#8217;obres. Gesti\u00f3 de certificacions. Programa: Informes de seguiment i [&#8230;]<\/p>\n","protected":false},"author":1,"featured_media":335,"parent":180,"menu_order":0,"comment_status":"closed","ping_status":"closed","template":"page_projects_details.php","meta":[],"_links":{"self":[{"href":"http:\/\/www.mbfarquitectura.com\/index.php?rest_route=\/wp\/v2\/pages\/222"}],"collection":[{"href":"http:\/\/www.mbfarquitectura.com\/index.php?rest_route=\/wp\/v2\/pages"}],"about":[{"href":"http:\/\/www.mbfarquitectura.com\/index.php?rest_route=\/wp\/v2\/types\/page"}],"author":[{"embeddable":true,"href":"http:\/\/www.mbfarquitectura.com\/index.php?rest_route=\/wp\/v2\/users\/1"}],"replies":[{"embeddable":true,"href":"http:\/\/www.mbfarquitectura.com\/index.php?rest_route=%2Fwp%2Fv2%2Fcomments&post=222"}],"version-history":[{"count":0,"href":"http:\/\/www.mbfarquitectura.com\/index.php?rest_route=\/wp\/v2\/pages\/222\/revisions"}],"up":[{"embeddable":true,"href":"http:\/\/www.mbfarquitectura.com\/index.php?rest_route=\/wp\/v2\/pages\/180"}],"wp:featuredmedia":[{"embeddable":true,"href":"http:\/\/www.mbfarquitectura.com\/index.php?rest_route=\/wp\/v2\/media\/335"}],"wp:attachment":[{"href":"http:\/\/www.mbfarquitectura.com\/index.php?rest_route=%2Fwp%2Fv2%2Fmedia&parent=222"}],"curies":[{"name":"wp","href":"https:\/\/api.w.org\/{rel}","templated":true}]}}