{"id":219,"date":"2011-06-09T11:54:00","date_gmt":"2011-06-09T09:54:00","guid":{"rendered":"http:\/\/www.mbfarquitectura.com\/content\/?page_id=219"},"modified":"2011-06-11T02:24:44","modified_gmt":"2011-06-11T00:24:44","slug":"centre-de-convencions-la-fabrica","status":"publish","type":"page","link":"http:\/\/www.mbfarquitectura.com\/?page_id=219","title":{"rendered":"&#8220;la F\u00e0brica&#8221;"},"content":{"rendered":"<table border=\"2\" cellspacing=\"0\" cellpadding=\"4\">\n<tr valign=\"TOP\">\n<td colspan=\"3\">\n<h2>Centre de convencions &#8220;la F\u00e0brica&#8221;. M\u00f3n Sant Benet<\/h2>\n<\/td>\n<\/tr>\n<tr valign=\"TOP\">\n<td><span style=\"font-family: 'Arial Black', sans-serif; font-size: small;\">centre de convencions<\/span><\/td>\n<td><span style=\"font-family: 'Arial Black', sans-serif; font-size: small;\">Abast del treball executat:<\/span><\/td>\n<td>&nbsp;<\/td>\n<\/tr>\n<tr valign=\"TOP\">\n<td>&nbsp;<\/td>\n<td><\/td>\n<td>&nbsp;<\/td>\n<\/tr>\n<tr valign=\"TOP\">\n<td>\n<span style=\"font-family: Arial, sans-serif;\">Col\u00f2nia Sant Benet<\/span>\n<\/td>\n<td><span style=\"font-family: 'Arial Black', sans-serif; font-size: small;\">Fase pr\u00e8via al projecte<\/span><\/td>\n<td><span style=\"font-family: 'Arial Black', sans-serif; font-size: small;\">Fase d&#8217;entrega de l&#8217;obra<\/span><\/td>\n<\/tr>\n<tr valign=\"TOP\">\n<td>\n<span style=\"font-family: Arial, sans-serif;\">Sant Fruit\u00f3s de Bages<\/span>\n<\/td>\n<td><span style=\"font-family: Arial, sans-serif; font-size: small;\">Elaboraci\u00f3 del programa de l&#8217;edifici.<\/span><\/td>\n<td><span style=\"font-size: small;\">Recepci\u00f3 de les obres.<\/span><\/td>\n<\/tr>\n<tr valign=\"TOP\">\n<td><span style=\"font-family: Arial, sans-serif; font-size: small;\">Barcelona<\/span><\/td>\n<td><span style=\"font-family: 'Arial Black', sans-serif; font-size: small;\">Fase de projecte<\/span><\/td>\n<td><span style=\"font-size: small;\">Contractaci\u00f3 de serveis i subministraments.<\/span><\/td>\n<\/tr>\n<tr valign=\"TOP\">\n<td><span style=\"font-family: 'Arial Black', sans-serif; font-size: small;\">Nova Planta<\/span><\/td>\n<td><span style=\"font-size: small;\">Realitzaci\u00f3 estat d&#8217;amidaments.<\/span><\/td>\n<td><span style=\"font-size: small;\">Gesti\u00f3 dels repassos.<\/span><\/td>\n<\/tr>\n<tr valign=\"TOP\">\n<td><\/td>\n<td><span style=\"font-size: small;\">Seguiment i supervisi\u00f3 del projecte.<\/span><\/td>\n<td>&nbsp;<\/td>\n<\/tr>\n<tr valign=\"TOP\">\n<td><span style=\"font-family: 'Arial Black', sans-serif; font-size: small;\">Programa:<\/span><\/td>\n<td><span style=\"font-size: small;\">Confecci\u00f3 del pressupost i quadres de preu.<\/span><\/td>\n<td>&nbsp;<\/td>\n<\/tr>\n<tr valign=\"TOP\">\n<td><span style=\"font-size: small;\">Cuines<\/span><\/td>\n<td><span style=\"font-family: Arial, sans-serif; font-size: small;\">Programa de control de qualitat.<\/span><\/td>\n<td><span style=\"font-family: 'Arial Black', sans-serif; font-size: small;\">2005-2007<\/span><\/td>\n<\/tr>\n<tr valign=\"TOP\">\n<td>\n<span style=\"font-family: Arial, sans-serif;\">Restaurant<\/span>\n<\/td>\n<td><span style=\"font-family: 'Arial Black', sans-serif; font-size: small;\">Fase d&#8217;obra<\/span><\/td>\n<td>&nbsp;<\/td>\n<\/tr>\n<tr valign=\"TOP\">\n<td><span style=\"font-size: small;\">Sales de congressos<\/span><\/td>\n<td><span style=\"font-family: Arial, sans-serif; font-size: small;\">Direcci\u00f3 de l&#8217;execuci\u00f3 de les obres.<\/span><\/td>\n<td><span style=\"font-family: 'Arial Black', sans-serif; font-size: small;\">Promotor<\/span><\/td>\n<\/tr>\n<tr valign=\"TOP\">\n<td><span style=\"font-size: small;\">Aules de formaci\u00f3<\/span><\/td>\n<td><span style=\"font-family: Arial, sans-serif; font-size: small;\">Complimentaci\u00f3 de llic\u00e8ncies.<\/span><\/td>\n<td><span style=\"font-size: small;\">Caixa de Manresa<\/span><\/td>\n<\/tr>\n<tr valign=\"TOP\">\n<td><span style=\"font-size: small;\">Serveis d&#8217;atenci\u00f3 al p\u00fablic<\/span><\/td>\n<td><span style=\"font-family: Arial, sans-serif; font-size: small;\">Supervisi\u00f3 econ\u00f2mica de l&#8217;obra.<\/span><\/td>\n<td>&nbsp;<\/td>\n<\/tr>\n<tr valign=\"TOP\">\n<td><\/td>\n<td><span style=\"font-size: small;\">Seguiment del pla d&#8217;obres.<\/span><\/td>\n<td><span style=\"font-family: 'Arial Black', sans-serif; font-size: small;\">Arquitectes<\/span><\/td>\n<\/tr>\n<tr valign=\"TOP\">\n<td>&nbsp;<\/td>\n<td><span style=\"font-size: small;\">Gesti\u00f3 de certificacions.<\/span><\/td>\n<td><span style=\"font-size: small;\">Josep Benedito i Rovira<\/span><\/td>\n<\/tr>\n<tr valign=\"TOP\">\n<td>&nbsp;<\/td>\n<td><span style=\"font-size: small;\">Informes de seguiment i control a la propietat.<\/span><\/td>\n<td><span style=\"font-size: small;\">Gaspar Costa Gonz\u00e1lez<\/span><\/td>\n<\/tr>\n<tr valign=\"TOP\">\n<td><span style=\"font-family: Arial, sans-serif; font-size: small;\">Superf\u00edcie 6.000,00 m<sup>2<\/sup><\/span><\/td>\n<td><span style=\"font-size: small;\">Gesti\u00f3 de les escomeses.<\/span><\/td>\n<td>&nbsp;<\/td>\n<\/tr>\n<tr valign=\"TOP\">\n<td>&nbsp;<\/td>\n<td><span style=\"font-size: small;\">Control de qualitat de l&#8217;obra.<\/span><\/td>\n<td><span style=\"font-family: 'Arial Black', sans-serif; font-size: small;\">Constructora<\/span><\/td>\n<\/tr>\n<tr valign=\"TOP\">\n<td><span style=\"font-family: Arial, sans-serif; font-size: small;\">cost 9.871.135,64 \u20ac<\/span><\/td>\n<td><span style=\"font-size: small;\">Coordinaci\u00f3 mediambiental.<\/span><\/td>\n<td><span style=\"font-size: small;\">Constructora de Calaf<\/span><\/td>\n<\/tr>\n<\/table>\n","protected":false},"excerpt":{"rendered":"<p>Centre de convencions &#8220;la F\u00e0brica&#8221;. M\u00f3n Sant Benet centre de convencions Abast del treball executat: &nbsp; &nbsp; &nbsp; Col\u00f2nia Sant Benet Fase pr\u00e8via al projecte Fase d&#8217;entrega de l&#8217;obra Sant Fruit\u00f3s de Bages Elaboraci\u00f3 del programa de l&#8217;edifici. Recepci\u00f3 de les obres. Barcelona Fase de projecte Contractaci\u00f3 de serveis i [&#8230;]<\/p>\n","protected":false},"author":1,"featured_media":220,"parent":180,"menu_order":0,"comment_status":"closed","ping_status":"closed","template":"page_projects_details.php","meta":[],"_links":{"self":[{"href":"http:\/\/www.mbfarquitectura.com\/index.php?rest_route=\/wp\/v2\/pages\/219"}],"collection":[{"href":"http:\/\/www.mbfarquitectura.com\/index.php?rest_route=\/wp\/v2\/pages"}],"about":[{"href":"http:\/\/www.mbfarquitectura.com\/index.php?rest_route=\/wp\/v2\/types\/page"}],"author":[{"embeddable":true,"href":"http:\/\/www.mbfarquitectura.com\/index.php?rest_route=\/wp\/v2\/users\/1"}],"replies":[{"embeddable":true,"href":"http:\/\/www.mbfarquitectura.com\/index.php?rest_route=%2Fwp%2Fv2%2Fcomments&post=219"}],"version-history":[{"count":0,"href":"http:\/\/www.mbfarquitectura.com\/index.php?rest_route=\/wp\/v2\/pages\/219\/revisions"}],"up":[{"embeddable":true,"href":"http:\/\/www.mbfarquitectura.com\/index.php?rest_route=\/wp\/v2\/pages\/180"}],"wp:featuredmedia":[{"embeddable":true,"href":"http:\/\/www.mbfarquitectura.com\/index.php?rest_route=\/wp\/v2\/media\/220"}],"wp:attachment":[{"href":"http:\/\/www.mbfarquitectura.com\/index.php?rest_route=%2Fwp%2Fv2%2Fmedia&parent=219"}],"curies":[{"name":"wp","href":"https:\/\/api.w.org\/{rel}","templated":true}]}}