{"id":216,"date":"2011-06-09T11:51:38","date_gmt":"2011-06-09T09:51:38","guid":{"rendered":"http:\/\/www.mbfarquitectura.com\/content\/?page_id=216"},"modified":"2011-06-13T12:39:56","modified_gmt":"2011-06-13T10:39:56","slug":"campus-audiovisual-ca-l%e2%80%99aranyo","status":"publish","type":"page","link":"http:\/\/www.mbfarquitectura.com\/?page_id=216","title":{"rendered":"Ca l\u2019Arany\u00f3"},"content":{"rendered":"<p>&nbsp;<\/p>\n<table border=\"0\" cellspacing=\"0\" cellpadding=\"4\">\n<tbody>\n<tr valign=\"TOP\">\n<td colspan=\"3\">\n<h2>Campus Audiovisual Ca l&#8217;Arany\u00f3<\/h2>\n<\/td>\n<\/tr>\n<tr valign=\"TOP\">\n<td><span style=\"font-family: 'Arial Black', sans-serif; font-size: small;\">centre universitari<\/span><\/td>\n<td><span style=\"font-family: 'Arial Black', sans-serif; font-size: small;\">Abast del treball executat:<\/span><\/td>\n<td><\/td>\n<\/tr>\n<tr valign=\"TOP\">\n<td><span style=\"font-family: Arial, sans-serif;\">c\/Roc Boronat, 138<\/span><\/td>\n<td><span style=\"font-family: 'Arial Black', sans-serif; font-size: small;\">Fase pr\u00e8via al projecte<\/span><\/td>\n<td><span style=\"font-family: 'Arial Black', sans-serif; font-size: small;\">Fase d&#8217;entrega de l&#8217;obra<\/span><\/td>\n<\/tr>\n<tr valign=\"TOP\">\n<td><span style=\"font-family: Arial, sans-serif;\">08018 Barcelona<\/span><\/td>\n<td><span style=\"font-family: Arial, sans-serif; font-size: small;\">Elaboraci\u00f3 del programa de l&#8217;edifici.<\/span><\/td>\n<td><span style=\"font-family: Arial, sans-serif; font-size: small;\">Recepci\u00f3 de les obres.<\/span><\/td>\n<\/tr>\n<tr valign=\"TOP\">\n<td><\/td>\n<td><span style=\"font-family: 'Arial Black', sans-serif; font-size: small;\">Fase de projecte<\/span><\/td>\n<td><span style=\"font-family: Arial, sans-serif; font-size: small;\">Contractaci\u00f3 de serveis i subministraments.<\/span><\/td>\n<\/tr>\n<tr valign=\"TOP\">\n<td><span style=\"font-family: 'Arial Black', sans-serif; font-size: small;\">Rehabilitaci\u00f3 i nova planta<\/span><\/td>\n<td><span style=\"font-family: Arial, sans-serif; font-size: small;\">Realitzaci\u00f3 estat d&#8217;amidaments.<\/span><\/td>\n<td><span style=\"font-family: Arial, sans-serif; font-size: small;\">Gesti\u00f3 dels repassos.<\/span><\/td>\n<\/tr>\n<tr valign=\"TOP\">\n<td><\/td>\n<td><span style=\"font-family: Arial, sans-serif; font-size: small;\">Seguiment i supervisi\u00f3 del projecte.<\/span><\/td>\n<\/tr>\n<tr valign=\"TOP\">\n<td><span style=\"font-family: 'Arial Black', sans-serif; font-size: small;\">Programa:<\/span><\/td>\n<td><span style=\"font-family: Arial, sans-serif; font-size: small;\">Confecci\u00f3 del pressupost i quadres de preu.<\/span><\/td>\n<\/tr>\n<tr valign=\"TOP\">\n<td><span style=\"font-family: Arial, sans-serif; font-size: small;\">Periodisme (P)<\/span><\/td>\n<td><span style=\"font-family: Arial, sans-serif; font-size: small;\">Programa de control de qualitat.<\/span><\/td>\n<td><span style=\"font-family: Arial, sans-serif; font-size: small;\">2005-2010 en curs<\/span><\/td>\n<\/tr>\n<tr valign=\"TOP\">\n<td><span style=\"font-family: Arial, sans-serif; font-size: small;\">Comunicaci\u00f3 Audiovisual (CAV)<\/span><\/td>\n<td><span style=\"font-family: 'Arial Black', sans-serif; font-size: small;\">Fase d&#8217;obra<\/span><\/td>\n<\/tr>\n<tr valign=\"TOP\">\n<td><span style=\"font-family: Arial, sans-serif; font-size: small;\">Escola Superior Polit\u00e8cnica (ESUP)<\/span><\/td>\n<td><span style=\"font-family: Arial, sans-serif; font-size: small;\">Direcci\u00f3 de l&#8217;execuci\u00f3 de les obres.<\/span><\/td>\n<td><span style=\"font-family: 'Arial Black', sans-serif;\">Promotor<\/span><\/td>\n<\/tr>\n<tr valign=\"TOP\">\n<td><span style=\"font-family: Arial, sans-serif; font-size: small;\">Traducci\u00f3 i Interpretaci\u00f3 (TI)<\/span><\/td>\n<td><span style=\"font-family: Arial, sans-serif; font-size: small;\">Complimentaci\u00f3 de llic\u00e8ncies.<\/span><\/td>\n<td><span style=\"font-family: Arial, sans-serif; font-size: small;\">Universitat Pompeu Fabra<\/span><\/td>\n<\/tr>\n<tr valign=\"TOP\">\n<td><\/td>\n<td><span style=\"font-family: Arial, sans-serif; font-size: small;\">Supervisi\u00f3 econ\u00f2mica de l&#8217;obra.<\/span><\/td>\n<td><\/td>\n<\/tr>\n<tr valign=\"TOP\">\n<td><\/td>\n<td><span style=\"font-family: Arial, sans-serif; font-size: small;\">Seguiment del pla d&#8217;obres.<\/span><\/td>\n<td><span style=\"font-family: 'Arial Black', sans-serif; font-size: small;\">Arquitectes<\/span><\/td>\n<\/tr>\n<tr valign=\"TOP\">\n<td><\/td>\n<td><span style=\"font-family: Arial, sans-serif; font-size: small;\">Gesti\u00f3 de certificacions.<\/span><\/td>\n<td><span style=\"font-family: Arial, sans-serif; font-size: small;\">Josep Benedito i Rovira<\/span><\/td>\n<\/tr>\n<tr valign=\"TOP\">\n<td><\/td>\n<td><span style=\"font-family: Arial, sans-serif; font-size: small;\">Informes de seguiment i control a la propietat.<\/span><\/td>\n<td><span style=\"font-family: Arial, sans-serif; font-size: small;\">Ramon Valls i Ortiz<\/span><\/td>\n<\/tr>\n<tr valign=\"TOP\">\n<td><span style=\"font-family: Arial, sans-serif; font-size: small;\">Superf\u00edcie 19.340,70 m<sup>2<\/sup><\/span><\/td>\n<td><span style=\"font-family: Arial, sans-serif; font-size: small;\">Gesti\u00f3 de les escomeses.<\/span><\/td>\n<td><\/td>\n<\/tr>\n<tr valign=\"TOP\">\n<td><\/td>\n<td><span style=\"font-family: Arial, sans-serif; font-size: small;\">Control de qualitat de l&#8217;obra.<\/span><\/td>\n<td><span style=\"font-family: 'Arial Black', sans-serif; font-size: small;\">Constructores<\/span><\/td>\n<\/tr>\n<tr valign=\"TOP\">\n<td><span style=\"font-family: Arial, sans-serif; font-size: small;\">cost 17.432.592,00 \u20ac<\/span><\/td>\n<td><span style=\"font-family: Arial, sans-serif; font-size: small;\">Coordinaci\u00f3 mediambiental.<\/span><\/td>\n<td><span style=\"font-family: Arial, sans-serif; font-size: small;\">Rodasa \/ Serom \/ Tiferca \/ Rodio<\/span><\/td>\n<\/tr>\n<tr valign=\"TOP\">\n<td><\/td>\n<td><\/td>\n<td><span style=\"font-family: Arial, sans-serif; font-size: small;\">Safic\/Sogesa\/Construct. San Jos\u00e9<\/span><\/td>\n<\/tr>\n<\/tbody>\n<\/table>\n","protected":false},"excerpt":{"rendered":"<p>&nbsp; Campus Audiovisual Ca l&#8217;Arany\u00f3 centre universitari Abast del treball executat: c\/Roc Boronat, 138 Fase pr\u00e8via al projecte Fase d&#8217;entrega de l&#8217;obra 08018 Barcelona Elaboraci\u00f3 del programa de l&#8217;edifici. Recepci\u00f3 de les obres. Fase de projecte Contractaci\u00f3 de serveis i subministraments. Rehabilitaci\u00f3 i nova planta Realitzaci\u00f3 estat d&#8217;amidaments. Gesti\u00f3 dels [&#8230;]<\/p>\n","protected":false},"author":1,"featured_media":217,"parent":180,"menu_order":0,"comment_status":"closed","ping_status":"closed","template":"page_projects_details.php","meta":[],"_links":{"self":[{"href":"http:\/\/www.mbfarquitectura.com\/index.php?rest_route=\/wp\/v2\/pages\/216"}],"collection":[{"href":"http:\/\/www.mbfarquitectura.com\/index.php?rest_route=\/wp\/v2\/pages"}],"about":[{"href":"http:\/\/www.mbfarquitectura.com\/index.php?rest_route=\/wp\/v2\/types\/page"}],"author":[{"embeddable":true,"href":"http:\/\/www.mbfarquitectura.com\/index.php?rest_route=\/wp\/v2\/users\/1"}],"replies":[{"embeddable":true,"href":"http:\/\/www.mbfarquitectura.com\/index.php?rest_route=%2Fwp%2Fv2%2Fcomments&post=216"}],"version-history":[{"count":0,"href":"http:\/\/www.mbfarquitectura.com\/index.php?rest_route=\/wp\/v2\/pages\/216\/revisions"}],"up":[{"embeddable":true,"href":"http:\/\/www.mbfarquitectura.com\/index.php?rest_route=\/wp\/v2\/pages\/180"}],"wp:featuredmedia":[{"embeddable":true,"href":"http:\/\/www.mbfarquitectura.com\/index.php?rest_route=\/wp\/v2\/media\/217"}],"wp:attachment":[{"href":"http:\/\/www.mbfarquitectura.com\/index.php?rest_route=%2Fwp%2Fv2%2Fmedia&parent=216"}],"curies":[{"name":"wp","href":"https:\/\/api.w.org\/{rel}","templated":true}]}}