{"id":213,"date":"2011-06-09T11:47:54","date_gmt":"2011-06-09T09:47:54","guid":{"rendered":"http:\/\/www.mbfarquitectura.com\/content\/?page_id=213"},"modified":"2011-06-11T01:30:36","modified_gmt":"2011-06-10T23:30:36","slug":"direccio-general-de-seguretat","status":"publish","type":"page","link":"http:\/\/www.mbfarquitectura.com\/?page_id=213","title":{"rendered":"Direcci\u00f3 General de Seguretat"},"content":{"rendered":"<table border=\"0\" cellspacing=\"0\" cellpadding=\"4\" >\n<tr valign=\"TOP\">\n<td colspan=\"3\" >\n<h2>Seu de la Direcci\u00f3 General de Seguretat Ciutadana a Barcelona<\/h2>\n<\/td>\n<\/tr>\n<tr valign=\"TOP\">\n<td ><span style=\"font-family: 'Arial Black', sans-serif; font-size: small;\">equipament institucional<\/span><\/span><\/td>\n<td ><span style=\"font-family: 'Arial Black', sans-serif; font-size: small;\">Abast del treball executat:<\/span><\/span><\/td>\n<td >&nbsp;<\/td>\n<\/tr>\n<tr valign=\"TOP\">\n<td >\n<span style=\"font-family: Arial, sans-serif;\">trav. Les Corts \u2013 c\/ Bergued\u00e0<\/span>\n<\/td>\n<td ><span style=\"font-family: 'Arial Black', sans-serif; font-size: small;\">Fase pr\u00e8via al projecte <\/span><\/td>\n<td ><span style=\"font-family: Arial, sans-serif; font-size: small;\">Fase d&#8217;entrega de l&#8217;obra<\/span><\/td>\n<\/tr>\n<tr valign=\"TOP\">\n<td >\n<span style=\"font-family: Arial, sans-serif;\">c\/ Taqu\u00edgraf Garriga \u2013 c\/ Prat d&#8217;en Rull<\/span>\n<\/td>\n<td ><span style=\"font-family: Arial, sans-serif; font-size: small;\">Elaboraci\u00f3 del programa de l&#8217;edifici.<\/span><\/span><\/td>\n<td ><span style=\"font-family: Arial, sans-serif; font-size: small;\">Recepci\u00f3 de les obres.<\/span><\/td>\n<\/tr>\n<tr valign=\"TOP\">\n<td ><span style=\"font-family: Arial, sans-serif; font-size: small;\">08028 Barcelona<\/span><\/span><\/td>\n<td ><span style=\"font-family: 'Arial Black', sans-serif; font-size: small;\">Fase de projecte <\/td>\n<td ><span style=\"font-family: Arial, sans-serif; font-size: small;\">Contractaci\u00f3 de serveis i subministraments.<\/span><\/td>\n<\/tr>\n<tr valign=\"TOP\">\n<td ><span style=\"font-family: 'Arial Black', sans-serif; font-size: small;\">Nova Planta<\/span><\/span><span style=\"color: #ff0000;\"><span style=\"font-family: 'Arial Black', sans-serif; font-size: small;\"><em> <\/em><\/span><\/span><\/span><\/td>\n<td ><span style=\"font-family: Arial, sans-serif; font-size: small;\">Realitzaci\u00f3 estat d&#8217;amidaments.<\/span><\/td>\n<td ><span style=\"font-family: Arial, sans-serif; font-size: small;\">Gesti\u00f3 dels repassos.<\/span><\/td>\n<\/tr>\n<tr valign=\"TOP\">\n<td ><\/td>\n<td ><span style=\"font-family: Arial, sans-serif; font-size: small;\">Seguiment i supervisi\u00f3 del projecte.<\/span><\/td>\n<td >&nbsp;<\/td>\n<\/tr>\n<tr valign=\"TOP\">\n<td ><span style=\"font-family: 'Arial Black', sans-serif; font-size: small;\">Programa:<\/span><\/span><\/td>\n<td ><span style=\"font-family: Arial, sans-serif; font-size: small;\">Confecci\u00f3 del pressupost i quadres de preu.<\/span><\/td>\n<td ><span style=\"color: #ff0000;\"><span style=\"font-family: 'Century Schoolbook', serif;\"><span style=\"font-family: Arial, sans-serif; font-size: small;\"><em> <\/em><\/span><\/span><\/span><span style=\"font-family: 'Arial Black', sans-serif; font-size: small;\">2003-2006 <\/span><\/span><\/td>\n<\/tr>\n<tr valign=\"TOP\">\n<td ><span style=\"font-family: Arial, sans-serif; font-size: small;\">\u00c0rea de Direcci\u00f3 General<\/span><\/td>\n<td ><span style=\"font-family: Arial, sans-serif; font-size: small;\">Programa de control de qualitat.<\/span><\/span><\/td>\n<td >&nbsp;<\/td>\n<\/tr>\n<tr valign=\"TOP\">\n<td >\n<span style=\"font-family: Arial, sans-serif; font-size: small;\">\u00c0rea d&#8217;Administraci\u00f3 i Serveis<\/span>\n<\/td>\n<td ><span style=\"font-family: 'Arial Black', sans-serif; font-size: small;\">Fase d&#8217;obra<\/span><\/td>\n<td ><span style=\"font-family: 'Arial Black', sans-serif; font-size: small;\">Promotor <\/span><\/span><\/td>\n<\/tr>\n<tr valign=\"TOP\">\n<td ><span style=\"font-family: Arial, sans-serif; font-size: small;\">\u00c0rea de Recursos Humans<\/span><\/td>\n<td ><span style=\"font-family: Arial, sans-serif; font-size: small;\">Direcci\u00f3 de l&#8217;execuci\u00f3 de les obres.<\/span><\/span><\/td>\n<td ><span style=\"font-family: Arial, sans-serif; font-size: small;\">Departament d&#8217;Interior<\/span><\/td>\n<\/tr>\n<tr valign=\"TOP\">\n<td ><span style=\"font-family: Arial, sans-serif; font-size: small;\">\u00c0rea de Recepci\u00f3 de P\u00fablic i altres<\/span><\/td>\n<td ><span style=\"font-family: Arial, sans-serif; font-size: small;\">Complimentaci\u00f3 de llic\u00e8ncies.<\/span><\/span><\/td>\n<td ><span style=\"font-family: Arial, sans-serif; font-size: small;\">Generalitat de Catalunya<\/span><\/td>\n<\/tr>\n<tr valign=\"TOP\">\n<td ><span style=\"font-family: Arial, sans-serif; font-size: small;\">\u00c0rea de Comissaria d&#8217;acc\u00e9s restringit<\/span><\/td>\n<td ><span style=\"font-family: Arial, sans-serif; font-size: small;\">Supervisi\u00f3 econ\u00f2mica de l&#8217;obra.<\/span><\/span><\/td>\n<td >&nbsp;<\/td>\n<\/tr>\n<tr valign=\"TOP\">\n<td >\n<span style=\"font-family: Arial, sans-serif;\">\u00c0rea de Comissaria d&#8217;atenci\u00f3 al p\u00fablic<\/span>\n<\/td>\n<td ><span style=\"font-family: Arial, sans-serif; font-size: small;\">Seguiment del pla d&#8217;obres.<\/span><\/td>\n<td ><span style=\"font-family: 'Arial Black', sans-serif; font-size: small;\">Arquitectes <\/span><\/span><\/td>\n<\/tr>\n<tr valign=\"TOP\">\n<td ><span style=\"font-family: Arial, sans-serif; font-size: small;\">\u00c0rea de Caserna i Mossos<\/span><\/td>\n<td ><span style=\"font-family: Arial, sans-serif; font-size: small;\">Gesti\u00f3 de certificacions.<\/span><\/td>\n<td ><span style=\"font-family: Arial, sans-serif; font-size: small;\">Josep Benedito i Rovira<\/span><\/td>\n<\/tr>\n<tr valign=\"TOP\">\n<td ><span style=\"font-family: Arial, sans-serif; font-size: small;\">\u00c0rea de Persones Restringides<\/span><\/td>\n<td ><span style=\"font-family: Arial, sans-serif; font-size: small;\">Informes de seguiment i control a la propietat.<\/span><\/td>\n<td ><span style=\"font-family: Arial, sans-serif; font-size: small;\">Agust\u00ed Mateos i Duch<\/span><\/td>\n<\/tr>\n<tr valign=\"TOP\">\n<td ><span style=\"font-family: Arial, sans-serif; font-size: small;\">Superf\u00edcie 18.851,24 m<sup>2<\/sup><\/span><\/td>\n<td ><span style=\"font-family: Arial, sans-serif; font-size: small;\">Gesti\u00f3 de les escomeses.<\/span><\/td>\n<td ><\/td>\n<\/tr>\n<tr valign=\"TOP\">\n<td >&nbsp;<\/td>\n<td ><span style=\"font-family: Arial, sans-serif; font-size: small;\">Control de qualitat de l&#8217;obra.<\/span><\/td>\n<td ><span style=\"font-family: 'Arial Black', sans-serif; font-size: small;\">Constructora<\/span><\/span><\/td>\n<\/tr>\n<tr valign=\"TOP\">\n<td ><span style=\"font-family: Arial, sans-serif; font-size: small;\">cost 23.292.556,61 \u20ac <\/span><\/td>\n<td ><span style=\"font-family: Arial, sans-serif; font-size: small;\">Coordinaci\u00f3 mediambiental.<\/span><\/td>\n<td ><span style=\"font-family: Arial, sans-serif; font-size: small;\">Necso Entrecanales Cubiertas SA<\/span><\/td>\n<\/tr>\n<\/table>\n","protected":false},"excerpt":{"rendered":"<p>Seu de la Direcci\u00f3 General de Seguretat Ciutadana a Barcelona equipament institucional Abast del treball executat: &nbsp; trav. Les Corts \u2013 c\/ Bergued\u00e0 Fase pr\u00e8via al projecte Fase d&#8217;entrega de l&#8217;obra c\/ Taqu\u00edgraf Garriga \u2013 c\/ Prat d&#8217;en Rull Elaboraci\u00f3 del programa de l&#8217;edifici. Recepci\u00f3 de les obres. 08028 Barcelona [&#8230;]<\/p>\n","protected":false},"author":1,"featured_media":214,"parent":180,"menu_order":0,"comment_status":"closed","ping_status":"closed","template":"page_projects_details.php","meta":[],"_links":{"self":[{"href":"http:\/\/www.mbfarquitectura.com\/index.php?rest_route=\/wp\/v2\/pages\/213"}],"collection":[{"href":"http:\/\/www.mbfarquitectura.com\/index.php?rest_route=\/wp\/v2\/pages"}],"about":[{"href":"http:\/\/www.mbfarquitectura.com\/index.php?rest_route=\/wp\/v2\/types\/page"}],"author":[{"embeddable":true,"href":"http:\/\/www.mbfarquitectura.com\/index.php?rest_route=\/wp\/v2\/users\/1"}],"replies":[{"embeddable":true,"href":"http:\/\/www.mbfarquitectura.com\/index.php?rest_route=%2Fwp%2Fv2%2Fcomments&post=213"}],"version-history":[{"count":0,"href":"http:\/\/www.mbfarquitectura.com\/index.php?rest_route=\/wp\/v2\/pages\/213\/revisions"}],"up":[{"embeddable":true,"href":"http:\/\/www.mbfarquitectura.com\/index.php?rest_route=\/wp\/v2\/pages\/180"}],"wp:featuredmedia":[{"embeddable":true,"href":"http:\/\/www.mbfarquitectura.com\/index.php?rest_route=\/wp\/v2\/media\/214"}],"wp:attachment":[{"href":"http:\/\/www.mbfarquitectura.com\/index.php?rest_route=%2Fwp%2Fv2%2Fmedia&parent=213"}],"curies":[{"name":"wp","href":"https:\/\/api.w.org\/{rel}","templated":true}]}}