{"id":210,"date":"2011-06-09T11:44:19","date_gmt":"2011-06-09T09:44:19","guid":{"rendered":"http:\/\/www.mbfarquitectura.com\/content\/?page_id=210"},"modified":"2011-06-14T10:34:40","modified_gmt":"2011-06-14T08:34:40","slug":"televisio-de-catalunya","status":"publish","type":"page","link":"http:\/\/www.mbfarquitectura.com\/?page_id=210","title":{"rendered":"Televisi\u00f3 de Catalunya"},"content":{"rendered":"<table border=\"0\" cellspacing=\"0\" cellpadding=\"4\">\n<tr valign=\"TOP\">\n<td colspan=\"3\">\n<h2>Ampliaci\u00f3 edifici CEI. Televisi\u00f3 de Catalunya<\/h2>\n<\/td>\n<\/tr>\n<tr valign=\"TOP\">\n<td><span style=\"font-family: 'Arial Black', sans-serif; font-size: small;\">Ampliaci\u00f3 edifici CEI. TV3<\/span><\/td>\n<td><span style=\"font-family: 'Arial Black', sans-serif; font-size: small;\">Abast del treball executat:<\/span><\/td>\n<td><\/td>\n<\/tr>\n<tr valign=\"TOP\">\n<td>\n<span style=\"font-family: Arial, sans-serif; font-size: small;\">c\/de la TV3 s\/n<\/span>\n<\/td>\n<td><span style=\"font-family: 'Arial Black', sans-serif; font-size: small;\">Fase pr\u00e8via al projecte<\/span><\/td>\n<td><span style=\"font-family: Arial, sans-serif; font-size: small;\">Gesti\u00f3 de certificacions.<\/span><\/td>\n<\/tr>\n<tr valign=\"TOP\">\n<td>\n<span style=\"font-family: Arial, sans-serif; font-size: small;\">Sant Joan Desp\u00ed<\/span>\n<\/td>\n<td><span style=\"font-family: Arial, sans-serif; font-size: small;\">Elaboraci\u00f3 del programa de l&#8217;edifici.<\/span><\/td>\n<td><span style=\"font-family: Arial, sans-serif; font-size: small;\">Informes de seguiment i control a la propietat.<\/span><\/td>\n<\/tr>\n<tr valign=\"TOP\">\n<td>&nbsp;<\/td>\n<td>&nbsp;<\/td>\n<td><span style=\"font-family: Arial, sans-serif; font-size: small;\">Gesti\u00f3 de les escomeses.<\/span><\/td>\n<\/tr>\n<tr valign=\"TOP\">\n<td><span style=\"font-family: 'Arial Black', sans-serif; font-size: small;\">Nova planta<\/td>\n<td><span style=\"font-family: 'Arial Black', sans-serif; font-size: small;\">Fase de projecte<\/span><\/td>\n<td>&nbsp;<\/td>\n<\/tr>\n<tr valign=\"TOP\">\n<td><span style=\"font-family: Arial, sans-serif; font-size: small;\"><\/span><\/td>\n<td><span style=\"font-family: Arial, sans-serif; font-size: small;\">Realitzaci\u00f3 estat d&#8217;amidaments.<\/span><\/td>\n<td><span style=\"font-family: 'Arial Black', sans-serif; font-size: small;\">Fase d&#8217;entrega de l&#8217;obra<\/span><\/td>\n<\/tr>\n<tr valign=\"TOP\">\n<td><span style=\"font-family: 'Arial Black', sans-serif; font-size: small;\">Programa:<\/span><\/td>\n<td><span style=\"font-family: Arial, sans-serif; font-size: small;\">Seguiment i supervisi\u00f3 del projecte.<\/span><\/td>\n<td><span style=\"font-family: 'Arial Black', sans-serif; font-size: small;\">2007-2010 en curs<\/span><\/td>\n<\/tr>\n<tr valign=\"TOP\">\n<td><span style=\"font-family: Arial, sans-serif; font-size: small;\">Bar-cafeteria<\/span><\/td>\n<td><span style=\"font-family: Arial, sans-serif; font-size: small;\">Confecci\u00f3 del pressupost i quadres de preu.<\/span><\/td>\n<td><span style=\"font-family: Arial, sans-serif; font-size: small;\">Recepci\u00f3 de les obres.<\/span><\/td>\n<\/tr>\n<tr valign=\"TOP\">\n<td>\n<span style=\"font-family: Arial, sans-serif; font-size: small;\">Magatzems<\/span>\n<\/td>\n<td><span style=\"font-family: Arial, sans-serif; font-size: small;\">Estudi de seguretat i salut de les obres.<\/span><\/td>\n<td><\/td>\n<\/tr>\n<tr valign=\"TOP\">\n<td><span style=\"font-family: Arial, sans-serif; font-size: small;\">Arxius<\/span><\/td>\n<td><span style=\"font-family: Arial, sans-serif; font-size: small;\">Programa de control de qualitat.<\/span><\/td>\n<td><span style=\"font-family: Arial, sans-serif; font-size: small;\">Contractaci\u00f3 de serveis i subministraments.<\/span><\/td>\n<\/tr>\n<tr valign=\"TOP\">\n<td><span style=\"font-family: Arial, sans-serif; font-size: small;\">Espais T\u00e8cnics<\/span><\/td>\n<td><span style=\"font-family: Arial, sans-serif; font-size: small;\">Gesti\u00f3 dels repassos.<\/span><\/td>\n<td><\/td>\n<\/tr>\n<tr valign=\"TOP\">\n<td><\/td>\n<td><span style=\"font-family: 'Arial Black', sans-serif; font-size: small;\">Fase d&#8217;obra<\/span><\/td>\n<td><span style=\"font-family: 'Arial Black', sans-serif; font-size: small;\">Promotor<\/span><\/td>\n<\/tr>\n<tr valign=\"TOP\">\n<td>&nbsp;<\/td>\n<td><span style=\"font-family: Arial, sans-serif; font-size: small;\">Direcci\u00f3 de l&#8217;execuci\u00f3 de les obres.<\/span><\/td>\n<td><span style=\"font-family: Arial, sans-serif; font-size: small;\">Televisi\u00f3 de Catalunya, SA.<\/span><\/td>\n<\/tr>\n<tr valign=\"TOP\">\n<td><\/td>\n<td>\n<span style=\"font-family: Arial, sans-serif; font-size: small;\">Supervisi\u00f3 de l&#8217;estat econ\u00f2mic de l&#8217;obra.<\/span>\n<\/td>\n<td><span style=\"font-family: 'Arial Black', sans-serif; font-size: small;\">Arquitectes<\/span><\/td>\n<\/tr>\n<tr valign=\"TOP\">\n<td>&nbsp;<\/td>\n<td>\n<span style=\"font-family: Arial, sans-serif; font-size: small;\">Informes d&#8217;incid\u00e8ncies.<\/span>\n<\/td>\n<td><span style=\"font-family: Arial, sans-serif; font-size: small;\">Josep Benedito i Rovira,<\/span><\/td>\n<\/tr>\n<tr valign=\"TOP\">\n<td><span style=\"font-family: Arial, sans-serif; font-size: small;\">Superf\u00edcie  5.531,60 m<sup>2<\/sup><\/span><\/td>\n<td>\n<span style=\"font-family: Arial, sans-serif; font-size: small;\">Disseny i manteniment de la web de comunicaci\u00f3 de l&#8217;obra.<\/span>\n<\/td>\n<td><span style=\"font-family: Arial, sans-serif; font-size: small;\">Xavier Farr\u00e9 i Riba<\/span><\/td>\n<\/tr>\n<tr valign=\"TOP\">\n<td>&nbsp;<\/td>\n<td><span style=\"font-family: Arial, sans-serif; font-size: small;\">Complimentaci\u00f3 de llic\u00e8ncies.<\/span><\/td>\n<td><span style=\"font-family: 'Arial Black', sans-serif; font-size: small;\">Constructora<\/span><\/td>\n<\/tr>\n<tr valign=\"TOP\">\n<td><span style=\"font-family: Arial, sans-serif; font-size: small;\">cost (pem)<br \/>4.481.705,23 \u20ac<\/span><\/td>\n<td><span style=\"font-family: Arial, sans-serif; font-size: small;\">Supervisi\u00f3 econ\u00f2mica de l&#8217;obra.<\/span><\/td>\n<td><span style=\"font-family: Arial, sans-serif; font-size: small;\">1\u00aa fase: COMSA<\/span><\/td>\n<\/tr>\n<tr valign=\"TOP\">\n<td>&nbsp;<\/td>\n<td><span style=\"font-family: Arial, sans-serif; font-size: small;\">Seguiment del pla d&#8217;obres.<\/span><\/td>\n<td><span style=\"font-family: Arial, sans-serif; font-size: small;\">2\u00aa fase: SEROM<\/span><\/td>\n<\/tr>\n<\/table>\n","protected":false},"excerpt":{"rendered":"<p>Ampliaci\u00f3 edifici CEI. Televisi\u00f3 de Catalunya Ampliaci\u00f3 edifici CEI. TV3 Abast del treball executat: c\/de la TV3 s\/n Fase pr\u00e8via al projecte Gesti\u00f3 de certificacions. Sant Joan Desp\u00ed Elaboraci\u00f3 del programa de l&#8217;edifici. Informes de seguiment i control a la propietat. &nbsp; &nbsp; Gesti\u00f3 de les escomeses. Nova planta Fase [&#8230;]<\/p>\n","protected":false},"author":1,"featured_media":211,"parent":180,"menu_order":0,"comment_status":"closed","ping_status":"closed","template":"page_projects_details.php","meta":[],"_links":{"self":[{"href":"http:\/\/www.mbfarquitectura.com\/index.php?rest_route=\/wp\/v2\/pages\/210"}],"collection":[{"href":"http:\/\/www.mbfarquitectura.com\/index.php?rest_route=\/wp\/v2\/pages"}],"about":[{"href":"http:\/\/www.mbfarquitectura.com\/index.php?rest_route=\/wp\/v2\/types\/page"}],"author":[{"embeddable":true,"href":"http:\/\/www.mbfarquitectura.com\/index.php?rest_route=\/wp\/v2\/users\/1"}],"replies":[{"embeddable":true,"href":"http:\/\/www.mbfarquitectura.com\/index.php?rest_route=%2Fwp%2Fv2%2Fcomments&post=210"}],"version-history":[{"count":0,"href":"http:\/\/www.mbfarquitectura.com\/index.php?rest_route=\/wp\/v2\/pages\/210\/revisions"}],"up":[{"embeddable":true,"href":"http:\/\/www.mbfarquitectura.com\/index.php?rest_route=\/wp\/v2\/pages\/180"}],"wp:featuredmedia":[{"embeddable":true,"href":"http:\/\/www.mbfarquitectura.com\/index.php?rest_route=\/wp\/v2\/media\/211"}],"wp:attachment":[{"href":"http:\/\/www.mbfarquitectura.com\/index.php?rest_route=%2Fwp%2Fv2%2Fmedia&parent=210"}],"curies":[{"name":"wp","href":"https:\/\/api.w.org\/{rel}","templated":true}]}}