{"id":204,"date":"2011-06-09T11:22:23","date_gmt":"2011-06-09T09:22:23","guid":{"rendered":"http:\/\/www.mbfarquitectura.com\/content\/?page_id=204"},"modified":"2011-06-14T10:37:18","modified_gmt":"2011-06-14T08:37:18","slug":"casa-de-catalunya","status":"publish","type":"page","link":"http:\/\/www.mbfarquitectura.com\/?page_id=204","title":{"rendered":"Casa de Catalunya"},"content":{"rendered":"<table border=\"4\" cellspacing=\"0\" cellpadding=\"4\">\n<tr valign=\"TOP\">\n<td colspan=\"3\">\n<h2>Casa de Catalunya a Perpiny\u00e0<\/h2>\n<\/td>\n<\/tr>\n<tr valign=\"TOP\">\n<td><span style=\"font-family: 'Arial Black', sans-serif; font-size: small;\">Centre Cultural<\/span><\/td>\n<td><span style=\"font-family: 'Arial Black', sans-serif; font-size: small;\">Abast del treball executat:<\/span><\/td>\n<td><\/td>\n<\/tr>\n<tr valign=\"TOP\">\n<td>\n<span style=\"font-family: Arial, sans-serif;\">1, Rue de la Fusterie<\/span>\n<\/td>\n<td><span style=\"font-family: 'Arial Black', sans-serif; font-size: small;\">Fase pr\u00e8via al projecte<\/span><\/td>\n<td><span style=\"font-size: small;\">Seguiment del pla d&#8217;obres.<\/span><\/td>\n<\/tr>\n<tr valign=\"TOP\">\n<td>\n<span style=\"font-family: Arial, sans-serif;\">Perpiny\u00e0<\/span>\n<\/td>\n<td><span style=\"font-family: Arial, sans-serif; font-size: small;\">Contractaci\u00f3 de l&#8217;equip t\u00e8cnic a Fran\u00e7a<\/span><\/td>\n<td><span style=\"font-size: small;\">Gesti\u00f3 de certificacions.<\/span><\/td>\n<\/tr>\n<tr valign=\"TOP\">\n<td><\/td>\n<td>\n<span style=\"font-family: Arial, sans-serif;\">Habilitaci\u00f3 de l&#8217;equip d&#8217;arquitectura a l&#8217;estat Franc\u00e9s<\/span>\n<\/td>\n<td><span style=\"font-size: small;\">Informes de seguiment i control a la propietat.<\/span><\/td>\n<\/tr>\n<tr valign=\"TOP\">\n<td><span style=\"font-family: 'Arial Black', sans-serif; font-size: small;\">Rehabilitaci\u00f3 i reforma integral<\/span><\/td>\n<td><span style=\"font-family: 'Arial Black', sans-serif; font-size: small;\">Fase de projecte<\/span><\/td>\n<td><span style=\"font-size: small;\">Gesti\u00f3 de les escomeses.<\/span><\/td>\n<\/tr>\n<tr valign=\"TOP\">\n<td><span style=\"color: #ff0000;\"><span style=\"font-size: small;\"><\/span><\/td>\n<td><span style=\"font-family: Arial, sans-serif; font-size: small;\">Redacci\u00f3 del Projecte executiu<\/span><\/td>\n<td><span style=\"font-size: small;\">Control de qualitat<\/span><\/td>\n<\/tr>\n<tr valign=\"TOP\">\n<td><span style=\"font-family: 'Arial Black', sans-serif; font-size: small;\">Programa:<\/span><\/td>\n<td><span style=\"font-family: Arial, sans-serif; font-size: small;\">Expedient de conservaci\u00f3 del Patrimoni<\/span><\/td>\n<td><span style=\"font-size: small;\">Seguiment de la Seguretat i Salut<\/span><\/td>\n<\/tr>\n<tr valign=\"TOP\">\n<td><span style=\"font-size: small;\">Sala exposicions<\/span><\/td>\n<td><span style=\"font-family: 'Arial Black', sans-serif; font-size: small;\">Fase d&#8217;obra<\/span><\/td>\n<td><span style=\"font-family: 'Arial Black', sans-serif; font-size: small;\">Fase d&#8217;entrega de l&#8217;obra<\/span><\/td>\n<\/tr>\n<tr valign=\"TOP\">\n<td>\n<span style=\"font-family: Arial, sans-serif;\">Despatxos<\/span>\n<\/td>\n<td><span style=\"font-family: Arial, sans-serif; font-size: small;\">Complimentaci\u00f3 de llic\u00e8ncies.<\/span><\/td>\n<td><span style=\"font-size: small;\">Recepci\u00f3 de les obres.<\/span><\/td>\n<\/tr>\n<tr valign=\"TOP\">\n<td><span style=\"font-size: small;\">Sala polivalent<\/span><\/td>\n<td><span style=\"font-size: small;\">Supervisi\u00f3 econ\u00f2mica de l&#8217;obra.<\/span><\/td>\n<td><span style=\"font-size: small;\">Contractaci\u00f3 de serveis i subministraments.<\/span><\/td>\n<\/tr>\n<tr valign=\"TOP\">\n<td><\/td>\n<td><\/td>\n<td><span style=\"font-size: small;\">Gesti\u00f3 dels repassos.<\/span><\/td>\n<\/tr>\n<tr valign=\"TOP\">\n<td><\/td>\n<td><\/td>\n<td><span style=\"font-family: 'Arial Black', sans-serif; font-size: small;\">Promotor<\/span><\/td>\n<\/tr>\n<tr valign=\"TOP\">\n<td><\/td>\n<td><\/td>\n<td><span style=\"font-family: Arial, sans-serif; font-size: small;\">GISA<\/span><\/td>\n<\/tr>\n<tr valign=\"TOP\">\n<td><\/td>\n<td><\/td>\n<td><span style=\"font-family: 'Arial Black', sans-serif; font-size: small;\">Arquitectes<\/span><\/td>\n<\/tr>\n<tr valign=\"TOP\">\n<td><span style=\"font-family: Arial, sans-serif; font-size: small;\">Superf\u00edcie 811,2m<sup>2<\/sup><\/span><\/td>\n<td><\/td>\n<td><span style=\"font-family: Arial, sans-serif; font-size: small;\">Josep Benedito \/ Jaume Llobet<\/span><\/td>\n<\/tr>\n<tr valign=\"TOP\">\n<td><\/td>\n<td><\/td>\n<td><span style=\"font-family: 'Arial Black', sans-serif; font-size: small;\">Constructora<\/span><\/td>\n<\/tr>\n<tr valign=\"TOP\">\n<td><span style=\"font-family: Arial, sans-serif; font-size: small;\">cost (pem)<br \/>190.000.000 pts<\/span><\/td>\n<td><\/td>\n<td><span style=\"font-size: small;\">Natur System<\/span><\/td>\n<\/tr>\n<\/table>\n","protected":false},"excerpt":{"rendered":"<p>Casa de Catalunya a Perpiny\u00e0 Centre Cultural Abast del treball executat: 1, Rue de la Fusterie Fase pr\u00e8via al projecte Seguiment del pla d&#8217;obres. Perpiny\u00e0 Contractaci\u00f3 de l&#8217;equip t\u00e8cnic a Fran\u00e7a Gesti\u00f3 de certificacions. Habilitaci\u00f3 de l&#8217;equip d&#8217;arquitectura a l&#8217;estat Franc\u00e9s Informes de seguiment i control a la propietat. Rehabilitaci\u00f3 [&#8230;]<\/p>\n","protected":false},"author":1,"featured_media":206,"parent":180,"menu_order":0,"comment_status":"closed","ping_status":"closed","template":"page_projects_details.php","meta":[],"_links":{"self":[{"href":"http:\/\/www.mbfarquitectura.com\/index.php?rest_route=\/wp\/v2\/pages\/204"}],"collection":[{"href":"http:\/\/www.mbfarquitectura.com\/index.php?rest_route=\/wp\/v2\/pages"}],"about":[{"href":"http:\/\/www.mbfarquitectura.com\/index.php?rest_route=\/wp\/v2\/types\/page"}],"author":[{"embeddable":true,"href":"http:\/\/www.mbfarquitectura.com\/index.php?rest_route=\/wp\/v2\/users\/1"}],"replies":[{"embeddable":true,"href":"http:\/\/www.mbfarquitectura.com\/index.php?rest_route=%2Fwp%2Fv2%2Fcomments&post=204"}],"version-history":[{"count":0,"href":"http:\/\/www.mbfarquitectura.com\/index.php?rest_route=\/wp\/v2\/pages\/204\/revisions"}],"up":[{"embeddable":true,"href":"http:\/\/www.mbfarquitectura.com\/index.php?rest_route=\/wp\/v2\/pages\/180"}],"wp:featuredmedia":[{"embeddable":true,"href":"http:\/\/www.mbfarquitectura.com\/index.php?rest_route=\/wp\/v2\/media\/206"}],"wp:attachment":[{"href":"http:\/\/www.mbfarquitectura.com\/index.php?rest_route=%2Fwp%2Fv2%2Fmedia&parent=204"}],"curies":[{"name":"wp","href":"https:\/\/api.w.org\/{rel}","templated":true}]}}