{"id":195,"date":"2011-06-09T11:12:57","date_gmt":"2011-06-09T09:12:57","guid":{"rendered":"http:\/\/www.mbfarquitectura.com\/content\/?page_id=195"},"modified":"2011-06-11T01:15:01","modified_gmt":"2011-06-10T23:15:01","slug":"195-2","status":"publish","type":"page","link":"http:\/\/www.mbfarquitectura.com\/?page_id=195","title":{"rendered":"Edifici Wellington"},"content":{"rendered":"<table border=\"0\" cellspacing=\"0\" cellpadding=\"4\">\n<tr valign=\"TOP\">\n<td colspan=\"3\">\n<h2>Edifici Wellington 1. Instituts de recerca. Campus de la Ciutadella<\/h2>\n<\/td>\n<\/tr>\n<tr valign=\"TOP\">\n<td><\/td>\n<td><span style=\"font-family: 'Arial Black', sans-serif; font-size: small;\">Abast del treball executat:<\/span><\/td>\n<td><\/td>\n<\/tr>\n<tr valign=\"TOP\">\n<td>\n<span style=\"font-family: Arial, sans-serif; font-size: small;\">c\/Wellington<\/span>\n<\/td>\n<td><span style=\"font-family: 'Arial Black', sans-serif; font-size: small;\">Fase pr\u00e8via al projecte<\/span><\/td>\n<td><span style=\"font-family: Arial, sans-serif; font-size: small;\">Seguiment del pla d&#8217;obres.<\/span><\/td>\n<\/tr>\n<tr valign=\"TOP\">\n<td>\n<span style=\"font-family: Arial, sans-serif; font-size: small;\">c\/Ram\u00f3n Turr\u00f3<\/span>\n<\/td>\n<td><span style=\"font-family: Arial, sans-serif; font-size: small;\">Elaboraci\u00f3 del programa de l&#8217;edifici.<\/span><\/td>\n<td><span style=\"font-family: Arial, sans-serif; font-size: small;\">Gesti\u00f3 de certificacions.<\/span><\/td>\n<\/tr>\n<tr valign=\"TOP\">\n<td><\/td>\n<td><\/td>\n<td><span style=\"font-family: Arial, sans-serif; font-size: small;\">Informes de seguiment i control a la propietat.<\/span><\/td>\n<\/tr>\n<tr valign=\"TOP\">\n<td><span style=\"font-family: 'Arial Black', sans-serif; font-size: small;\">Nova planta<\/td>\n<td><\/td>\n<td><span style=\"font-family: Arial, sans-serif; font-size: small;\">Gesti\u00f3 de les escomeses.<\/span><\/td>\n<\/tr>\n<tr valign=\"TOP\">\n<td><\/td>\n<td><span style=\"font-family: 'Arial Black', sans-serif; font-size: small;\">Fase de projecte<\/span><\/td>\n<td><\/td>\n<\/tr>\n<tr valign=\"TOP\">\n<td><span style=\"font-family: 'Arial Black', sans-serif; font-size: small;\">Programa:<\/span><\/td>\n<td><span style=\"font-family: Arial, sans-serif; font-size: small;\">Realitzaci\u00f3 estat d&#8217;amidaments.<\/span><\/td>\n<td><span style=\"font-family: 'Arial Black', sans-serif; font-size: small;\">2003-2008<\/span><\/td>\n<\/tr>\n<tr valign=\"TOP\">\n<td><span style=\"font-family: Arial, sans-serif; font-size: small;\">Sala d&#8217;actes<\/span><\/td>\n<td><span style=\"font-family: Arial, sans-serif; font-size: small;\">Seguiment i supervisi\u00f3 del projecte.<\/span><\/td>\n<td><\/td>\n<\/tr>\n<tr valign=\"TOP\">\n<td>\n<span style=\"font-family: Arial, sans-serif; font-size: small;\">Aules<\/span>\n<\/td>\n<td><span style=\"font-family: Arial, sans-serif; font-size: small;\">Confecci\u00f3 del pressupost i quadres de preu.<\/span><\/td>\n<td><\/td>\n<\/tr>\n<tr valign=\"TOP\">\n<td><span style=\"font-family: Arial, sans-serif; font-size: small;\">Departamnets<\/span><\/td>\n<td><span style=\"font-family: Arial, sans-serif; font-size: small;\">Estudi de seguretat i salut de les obres.<\/span><\/td>\n<td><\/td>\n<\/tr>\n<tr valign=\"TOP\">\n<td><span style=\"font-family: Arial, sans-serif; font-size: small;\">Despatxos<\/span><\/td>\n<td><span style=\"font-family: Arial, sans-serif; font-size: small;\">Programa de control de qualitat.<\/span><\/td>\n<td><span style=\"font-family: 'Arial Black', sans-serif; font-size: small;\">Promotor <\/span><\/td>\n<\/tr>\n<tr valign=\"TOP\">\n<td><\/td>\n<td><span style=\"font-family: 'Arial Black', sans-serif; font-size: small;\">Fase d&#8217;obra<\/span><\/td>\n<td><span style=\"font-family: Arial, sans-serif; font-size: small;\">Universitat Pompeu Fabra<\/span><\/td>\n<\/tr>\n<tr valign=\"TOP\">\n<td><\/td>\n<td><span style=\"font-family: Arial, sans-serif; font-size: small;\">Direcci\u00f3 de l&#8217;execuci\u00f3 de les obres.<\/span><\/td>\n<td><\/td>\n<\/tr>\n<tr valign=\"TOP\">\n<td><\/td>\n<td>\n<span style=\"font-family: Arial, sans-serif; font-size: small;\">Supervisi\u00f3 de l&#8217;estat econ\u00f2mic de l&#8217;obra.<\/span>\n<\/td>\n<td><span style=\"font-family: 'Arial Black', sans-serif; font-size: small;\">Arquitectes <\/span><\/td>\n<\/tr>\n<tr valign=\"TOP\">\n<td><\/td>\n<td>\n<span style=\"font-family: Arial, sans-serif; font-size: small;\">Informes d&#8217;incid\u00e8ncies.<\/span>\n<\/td>\n<td><span style=\"font-family: Arial, sans-serif; font-size: small;\">NAVARRO BALDEWEG ASOCIADOS. S.L<\/span><\/td>\n<\/tr>\n<tr valign=\"TOP\">\n<td><span style=\"font-family: Arial, sans-serif; font-size: small;\">Superf\u00edcie 2.100 m<sup>2<\/sup><\/span><\/td>\n<td><span style=\"font-family: Arial, sans-serif; font-size: small;\">Disseny i manteniment de la web de comunicaci\u00f3 de l&#8217;obra.<\/span><\/td>\n<td><\/td>\n<\/tr>\n<tr valign=\"TOP\">\n<td><\/td>\n<td><span style=\"font-family: Arial, sans-serif; font-size: small;\">Complimentaci\u00f3 de llic\u00e8ncies.<\/span><\/td>\n<td><span style=\"font-family: 'Arial Black', sans-serif; font-size: small;\">Constructora<\/span><\/td>\n<\/tr>\n<tr valign=\"TOP\">\n<td><span style=\"font-family: Arial, sans-serif; font-size: small;\">cost (pem) 5.198.014,72 \u20ac<\/span><\/td>\n<td><span style=\"font-family: Arial, sans-serif; font-size: small;\">Supervisi\u00f3 econ\u00f2mica de l&#8217;obra.<\/span><\/td>\n<td><span style=\"font-family: Arial, sans-serif; font-size: small;\">SERVEIS D&#8217;OBRES I MANTENIMENT, SL. (SEROM)<\/span><\/td>\n<\/tr>\n<\/table>\n","protected":false},"excerpt":{"rendered":"<p>Edifici Wellington 1. Instituts de recerca. Campus de la Ciutadella Abast del treball executat: c\/Wellington Fase pr\u00e8via al projecte Seguiment del pla d&#8217;obres. c\/Ram\u00f3n Turr\u00f3 Elaboraci\u00f3 del programa de l&#8217;edifici. Gesti\u00f3 de certificacions. Informes de seguiment i control a la propietat. Nova planta Gesti\u00f3 de les escomeses. Fase de projecte [&#8230;]<\/p>\n","protected":false},"author":1,"featured_media":327,"parent":180,"menu_order":0,"comment_status":"closed","ping_status":"closed","template":"page_projects_details.php","meta":[],"_links":{"self":[{"href":"http:\/\/www.mbfarquitectura.com\/index.php?rest_route=\/wp\/v2\/pages\/195"}],"collection":[{"href":"http:\/\/www.mbfarquitectura.com\/index.php?rest_route=\/wp\/v2\/pages"}],"about":[{"href":"http:\/\/www.mbfarquitectura.com\/index.php?rest_route=\/wp\/v2\/types\/page"}],"author":[{"embeddable":true,"href":"http:\/\/www.mbfarquitectura.com\/index.php?rest_route=\/wp\/v2\/users\/1"}],"replies":[{"embeddable":true,"href":"http:\/\/www.mbfarquitectura.com\/index.php?rest_route=%2Fwp%2Fv2%2Fcomments&post=195"}],"version-history":[{"count":0,"href":"http:\/\/www.mbfarquitectura.com\/index.php?rest_route=\/wp\/v2\/pages\/195\/revisions"}],"up":[{"embeddable":true,"href":"http:\/\/www.mbfarquitectura.com\/index.php?rest_route=\/wp\/v2\/pages\/180"}],"wp:featuredmedia":[{"embeddable":true,"href":"http:\/\/www.mbfarquitectura.com\/index.php?rest_route=\/wp\/v2\/media\/327"}],"wp:attachment":[{"href":"http:\/\/www.mbfarquitectura.com\/index.php?rest_route=%2Fwp%2Fv2%2Fmedia&parent=195"}],"curies":[{"name":"wp","href":"https:\/\/api.w.org\/{rel}","templated":true}]}}